{"id":436,"date":"2023-02-28T04:41:14","date_gmt":"2023-02-28T03:41:14","guid":{"rendered":"https:\/\/kabaniero.pl\/?post_type=product&#038;p=436"},"modified":"2026-03-27T23:45:53","modified_gmt":"2026-03-27T22:45:53","slug":"mega-bulka","status":"publish","type":"product","link":"https:\/\/kabaniero.pl\/?product=mega-bulka","title":{"rendered":"MEGA BU\u0141KA"},"content":{"rendered":"<p>Mo\u017cliwe alergeny: jaja, mleko, zbo\u017ca\/gluten<\/p>\n","protected":false},"excerpt":{"rendered":"<p><span class=\"muted\">2x mi\u0119so kebab, mix sa\u0142at, sos<\/span><\/p>\n","protected":false},"featured_media":0,"template":"","meta":[],"product_cat":[20],"product_tag":[],"class_list":{"0":"post-436","1":"product","2":"type-product","3":"status-publish","5":"product_cat-bulki","7":"first","8":"instock","9":"shipping-taxable","10":"purchasable","11":"product-type-variable"},"jetpack_sharing_enabled":true,"_links":{"self":[{"href":"https:\/\/kabaniero.pl\/index.php?rest_route=\/wp\/v2\/product\/436","targetHints":{"allow":["GET"]}}],"collection":[{"href":"https:\/\/kabaniero.pl\/index.php?rest_route=\/wp\/v2\/product"}],"about":[{"href":"https:\/\/kabaniero.pl\/index.php?rest_route=\/wp\/v2\/types\/product"}],"wp:attachment":[{"href":"https:\/\/kabaniero.pl\/index.php?rest_route=%2Fwp%2Fv2%2Fmedia&parent=436"}],"wp:term":[{"taxonomy":"product_cat","embeddable":true,"href":"https:\/\/kabaniero.pl\/index.php?rest_route=%2Fwp%2Fv2%2Fproduct_cat&post=436"},{"taxonomy":"product_tag","embeddable":true,"href":"https:\/\/kabaniero.pl\/index.php?rest_route=%2Fwp%2Fv2%2Fproduct_tag&post=436"}],"curies":[{"name":"wp","href":"https:\/\/api.w.org\/{rel}","templated":true}]}}