{"id":31,"date":"2023-02-10T02:34:11","date_gmt":"2023-02-10T01:34:11","guid":{"rendered":"https:\/\/kabaniero.pl\/?post_type=product&#038;p=31"},"modified":"2026-03-27T23:24:32","modified_gmt":"2026-03-27T22:24:32","slug":"male-skrzydlo-5-szt","status":"publish","type":"product","link":"https:\/\/kabaniero.pl\/?product=male-skrzydlo-5-szt","title":{"rendered":"MA\u0141E SKRZYD\u0141O &#8211; 5 SZT"},"content":{"rendered":"<p>Mo\u017cliwe alergeny w sosach: jaja, mleko, musztarda, soja<\/p>\n","protected":false},"excerpt":{"rendered":"<div class=\"m-item__description\"><span class=\"muted\">z sosem Buffalo, Jack Daniel&#8217;s BBQ, s\u0142odko-ostrym<\/span><\/div>\n","protected":false},"featured_media":0,"template":"","meta":[],"product_cat":[16],"product_tag":[],"class_list":{"0":"post-31","1":"product","2":"type-product","3":"status-publish","5":"product_cat-skrzydlo","7":"first","8":"instock","9":"shipping-taxable","10":"purchasable","11":"product-type-variable"},"jetpack_sharing_enabled":true,"_links":{"self":[{"href":"https:\/\/kabaniero.pl\/index.php?rest_route=\/wp\/v2\/product\/31","targetHints":{"allow":["GET"]}}],"collection":[{"href":"https:\/\/kabaniero.pl\/index.php?rest_route=\/wp\/v2\/product"}],"about":[{"href":"https:\/\/kabaniero.pl\/index.php?rest_route=\/wp\/v2\/types\/product"}],"wp:attachment":[{"href":"https:\/\/kabaniero.pl\/index.php?rest_route=%2Fwp%2Fv2%2Fmedia&parent=31"}],"wp:term":[{"taxonomy":"product_cat","embeddable":true,"href":"https:\/\/kabaniero.pl\/index.php?rest_route=%2Fwp%2Fv2%2Fproduct_cat&post=31"},{"taxonomy":"product_tag","embeddable":true,"href":"https:\/\/kabaniero.pl\/index.php?rest_route=%2Fwp%2Fv2%2Fproduct_tag&post=31"}],"curies":[{"name":"wp","href":"https:\/\/api.w.org\/{rel}","templated":true}]}}