{"id":211,"date":"2023-02-28T03:07:10","date_gmt":"2023-02-28T02:07:10","guid":{"rendered":"https:\/\/kabaniero.pl\/?post_type=product&#038;p=211"},"modified":"2026-03-27T23:29:52","modified_gmt":"2026-03-27T22:29:52","slug":"skrzydlo-box","status":"publish","type":"product","link":"https:\/\/kabaniero.pl\/?product=skrzydlo-box","title":{"rendered":"SKRZYD\u0141O BOX"},"content":{"rendered":"<p>Mo\u017cliwe alergeny: zbo\u017ca\/gluten<\/p>\n<p>Mo\u017cliwe alergeny w sosach: jaja, mleko, musztarda, soja<\/p>\n","protected":false},"excerpt":{"rendered":"<p><span class=\"muted\">5 skrzyde\u0142ek, frytki, sos<br \/>\n<\/span><\/p>\n","protected":false},"featured_media":0,"template":"","meta":[],"product_cat":[17],"product_tag":[],"class_list":{"0":"post-211","1":"product","2":"type-product","3":"status-publish","5":"product_cat-zestawy","7":"first","8":"instock","9":"shipping-taxable","10":"purchasable","11":"product-type-variable"},"jetpack_sharing_enabled":true,"_links":{"self":[{"href":"https:\/\/kabaniero.pl\/index.php?rest_route=\/wp\/v2\/product\/211","targetHints":{"allow":["GET"]}}],"collection":[{"href":"https:\/\/kabaniero.pl\/index.php?rest_route=\/wp\/v2\/product"}],"about":[{"href":"https:\/\/kabaniero.pl\/index.php?rest_route=\/wp\/v2\/types\/product"}],"wp:attachment":[{"href":"https:\/\/kabaniero.pl\/index.php?rest_route=%2Fwp%2Fv2%2Fmedia&parent=211"}],"wp:term":[{"taxonomy":"product_cat","embeddable":true,"href":"https:\/\/kabaniero.pl\/index.php?rest_route=%2Fwp%2Fv2%2Fproduct_cat&post=211"},{"taxonomy":"product_tag","embeddable":true,"href":"https:\/\/kabaniero.pl\/index.php?rest_route=%2Fwp%2Fv2%2Fproduct_tag&post=211"}],"curies":[{"name":"wp","href":"https:\/\/api.w.org\/{rel}","templated":true}]}}