{"id":2,"date":"2023-02-09T21:24:24","date_gmt":"2023-02-09T20:24:24","guid":{"rendered":"https:\/\/kabaniero.pl\/?page_id=2"},"modified":"2025-01-05T23:25:29","modified_gmt":"2025-01-05T22:25:29","slug":"przykladowa-strona","status":"publish","type":"page","link":"https:\/\/kabaniero.pl\/?page_id=2","title":{"rendered":"Regulamin"},"content":{"rendered":"<h2 class=\"wp-block-heading has-text-align-center\"><strong>Regulamin strony Kabaniero.pl oraz aplikacji mobilnej Kabaniero<\/strong><\/h2><p class=\"has-text-align-center\"><strong>\u00a7 1 Postanowienia wst\u0119pne<\/strong><\/p><ol class=\"wp-block-list\"><li>Serwis Kabaniero dost\u0119pny pod adresem internetowym www.kabaniero.pl oraz przez aplikacj\u0119 mobiln\u0105 Kabaniero, prowadzony jest przez Kabaniero Skrzyd\u0142o i Kebab Monika Kobielska (NIP: 7891572255, REGON: 634513527, ul. Gendka 10\/26, 62-300 Wrze\u015bnia).<\/li>\n\n<li>Niniejszy regulamin skierowany jest do Konsument\u00f3w i okre\u015bla zasady i tryb zawierania z Konsumentem Umowy Sprzeda\u017cy na odleg\u0142o\u015b\u0107 za po\u015brednictwem Serwisu.<\/li><\/ol><p class=\"has-text-align-center\"><strong>\u00a7 2 Definicje<\/strong><\/p><ol class=\"wp-block-list\"><li>Konsument &#8211; osoba fizyczna zawieraj\u0105ca ze Sprzedawc\u0105 umow\u0119 w ramach Serwisu, kt\u00f3rej przedmiot nie jest zwi\u0105zany bezpo\u015brednio z jej dzia\u0142alno\u015bci\u0105 gospodarcz\u0105 lub zawodow\u0105.<\/li>\n\n<li>Sprzedawca &#8211; osoba fizyczna prowadz\u0105ca dzia\u0142alno\u015b\u0107 gospodarcz\u0105 pod firm\u0105 Kabaniero Skrzyd\u0142o i Kebab Monika Kobielska (NIP: 7891572255, REGON: 634513527, ul. Gendka 10\/26, 62-300 Wrze\u015bnia).<\/li>\n\n<li>Klient &#8211; ka\u017cdy podmiot dokonuj\u0105cy zakup\u00f3w za po\u015brednictwem Serwisu.<\/li>\n\n<li>Przedsi\u0119biorca &#8211; osoba fizyczna, osoba prawna i jednostka organizacyjna nieb\u0119d\u0105ca osob\u0105 prawn\u0105, kt\u00f3rej odr\u0119bna ustawa przyznaje zdolno\u015b\u0107 prawn\u0105, wykonuj\u0105ca we w\u0142asnym imieniu dzia\u0142alno\u015b\u0107 gospodarcz\u0105, kt\u00f3ra korzysta z Serwisu.<\/li>\n\n<li>Serwis &#8211; strona internetowa prowadzony przez Sprzedawc\u0119 pod adresem internetowym kabaniero.pl oraz aplikacja mobilna pod nazw\u0105 Kabaniero.<\/li>\n\n<li>Umowa zawarta na odleg\u0142o\u015b\u0107 &#8211; umowa zawarta z Klientem w ramach zorganizowanego systemu zawierania um\u00f3w na odleg\u0142o\u015b\u0107 (w ramach Serwisu), bez jednoczesnej fizycznej obecno\u015bci stron, z wy\u0142\u0105cznym wykorzystaniem jednego lub wi\u0119kszej liczby \u015brodk\u00f3w porozumiewania si\u0119 na odleg\u0142o\u015b\u0107 do chwili zawarcia umowy w\u0142\u0105cznie.<\/li>\n\n<li>Regulamin &#8211; niniejszy regulamin Serwisu.<\/li>\n\n<li>Zam\u00f3wienie &#8211; o\u015bwiadczenie woli Klienta sk\u0142adane za pomoc\u0105 Formularza Zam\u00f3wienia i zmierzaj\u0105ce bezpo\u015brednio do zawarcia Umowy Sprzeda\u017cy Produktu lub Produkt\u00f3w ze Sprzedawc\u0105.<\/li>\n\n<li>Konto &#8211; konto klienta w Serwisie, s\u0105 w nim gromadzone dane podane przez Klienta oraz informacje o z\u0142o\u017conych przez niego Zam\u00f3wieniach w Serwisie.<\/li>\n\n<li>Formularz rejestracji &#8211; formularz dost\u0119pny w Serwisie, umo\u017cliwiaj\u0105cy utworzenie Konta.<\/li>\n\n<li>Formularz zam\u00f3wienia &#8211; interaktywny formularz dost\u0119pny w Serwisie umo\u017cliwiaj\u0105cy z\u0142o\u017cenie Zam\u00f3wienia, w szczeg\u00f3lno\u015bci poprzez dodanie Produkt\u00f3w do Koszyka oraz okre\u015blenie warunk\u00f3w Umowy Sprzeda\u017cy, w tym sposobu dostawy i p\u0142atno\u015bci.<\/li>\n\n<li>Koszyk \u2013 element oprogramowania Serwisu, w kt\u00f3rym widoczne s\u0105 wybrane przez Klienta Produkty do zakupu, a tak\u017ce istnieje mo\u017cliwo\u015b\u0107 ustalenia i modyfikacji danych Zam\u00f3wienia, w szczeg\u00f3lno\u015bci ilo\u015bci produkt\u00f3w.<\/li>\n\n<li>Produkt &#8211; dost\u0119pny w Serwisie rzecz ruchoma\/us\u0142uga b\u0119d\u0105ca przedmiotem Umowy Sprzeda\u017cy mi\u0119dzy Klientem a Sprzedawc\u0105.<\/li>\n\n<li>Umowa Sprzeda\u017cy &#8211; umowa sprzeda\u017cy Produktu zawierana albo zawarta mi\u0119dzy Klientem a Sprzedawc\u0105 za po\u015brednictwem Serwisu.<\/li><\/ol><p class=\"has-text-align-center\"><strong>\u00a7 3 Wymaganie techniczne<\/strong><\/p><ol class=\"wp-block-list\"><li>Do korzystania z Serwisu, w tym przegl\u0105dania asortymentu Serwisu oraz sk\u0142adania zam\u00f3wie\u0144 na Produkty, niezb\u0119dne s\u0105:<ul class=\"wp-block-list\"><li>urz\u0105dzenie ko\u0144cowe z dost\u0119pem do sieci Internet,<\/li>\n\n<li>przegl\u0105darka internetowa lub zainstalowana aplikacja mobilna Kabaniero,<\/li>\n\n<li>aktywne konto poczty elektronicznej (e-mail),<\/li>\n\n<li>w\u0142\u0105czona obs\u0142uga plik\u00f3w cookies.<\/li><\/ul><\/li><\/ol><p class=\"has-text-align-center\"><strong>\u00a7 4 Informacje og\u00f3lne<\/strong><\/p><ol class=\"wp-block-list\"><li>Sprzedawca w najszerszym dopuszczalnym przez prawo zakresie nie ponosi odpowiedzialno\u015bci za zak\u0142\u00f3cenia w tym przerwy w funkcjonowaniu Serwisu spowodowane si\u0142\u0105 wy\u017csz\u0105, niedozwolonym dzia\u0142aniem os\u00f3b trzecich lub niekompatybilno\u015bci\u0105 Serwisu z infrastruktur\u0105 techniczn\u0105 Klienta.<\/li>\n\n<li>Przegl\u0105danie asortymentu Serwisu nie wymaga zak\u0142adania Konta. Sk\u0142adanie zam\u00f3wie\u0144 przez Klienta na Produkty znajduj\u0105ce si\u0119 w asortymencie Serwisu mo\u017cliwe jest albo po za\u0142o\u017ceniu Konta zgodnie z postanowieniami \u00a7 5 Regulaminu albo przez podanie niezb\u0119dnych danych osobowych i adresowych umo\u017cliwiaj\u0105cych realizacj\u0119 Zam\u00f3wienia bez zak\u0142adania Konta.<\/li><\/ol><p class=\"has-text-align-center\"><strong>\u00a7 5 Zak\u0142adanie Konta w Serwisie<\/strong><\/p><ol class=\"wp-block-list\"><li>Aby za\u0142o\u017cy\u0107 Konto w Serwisie, nale\u017cy wype\u0142ni\u0107 Formularz rejestracji.<\/li>\n\n<li>Za\u0142o\u017cenie Konta w Serwisie jest darmowe.<\/li>\n\n<li>Logowanie si\u0119 na Konto odbywa si\u0119 poprzez podanie loginu i has\u0142a ustanowionych w Formularzu rejestracji.<\/li>\n\n<li>Klient ma mo\u017cliwo\u015b\u0107 w ka\u017cdej chwili, bez podania przyczyny i bez ponoszenia z tego tytu\u0142u jakichkolwiek op\u0142at usun\u0105\u0107 Konto poprzez wys\u0142anie stosownego \u017c\u0105dania do Sprzedawcy, w szczeg\u00f3lno\u015bci za po\u015brednictwem poczty elektronicznej lub pisemnie.<\/li><\/ol><p class=\"has-text-align-center\"><strong>\u00a7 6 Zasady sk\u0142adania Zam\u00f3wienia<\/strong><\/p><ol class=\"wp-block-list\"><li>W celu z\u0142o\u017cenia Zam\u00f3wienia nale\u017cy:<ul class=\"wp-block-list\"><li>wybra\u0107 Produkt b\u0119d\u0105cy przedmiotem Zam\u00f3wienia, a nast\u0119pnie klikn\u0105\u0107 przycisk \u201eDodaj do koszyka\u201d (lub r\u00f3wnoznaczny),<\/li>\n\n<li>zalogowa\u0107 si\u0119 lub skorzysta\u0107 z mo\u017cliwo\u015bci z\u0142o\u017cenia Zam\u00f3wienia bez rejestracji, <\/li>\n\n<li>wype\u0142ni\u0107 Formularz zam\u00f3wienia poprzez potwierdzenie koszyka za pomoc\u0105 przycisku &#8222;Przejd\u017a do podsumowania&#8221;, wpisanie danych odbiorcy Zam\u00f3wienia, adresu, na kt\u00f3ry ma nast\u0105pi\u0107 dostawa oraz poda\u0107 inne obowi\u0105zkowe lub opcjonalne informacje wskazane w formularzu, <\/li>\n\n<li>klikn\u0105\u0107 przycisk &#8222;Sk\u0142adam zam\u00f3wienie&#8221;, otrzymasz potwierdzenie z\u0142o\u017cenia zam\u00f3wienia oraz kopie w wiadomo\u015bci mejlowej.<\/li><\/ul><\/li><\/ol><p class=\"has-text-align-center\"><strong>\u00a7 7 Oferowane metody dostawy oraz p\u0142atno\u015bci<\/strong><\/p><ol class=\"wp-block-list\"><li>Klient mo\u017ce skorzysta\u0107 z nast\u0119puj\u0105cych metod dostawy lub odbioru zam\u00f3wionego Produktu:<ul class=\"wp-block-list\"><li>dow\u00f3z na wskazany adres,<\/li>\n\n<li>odbi\u00f3r w\u0142asny w lokalu.<\/li><\/ul><\/li>\n\n<li>Klient mo\u017ce skorzysta\u0107 z nast\u0119puj\u0105cych metod p\u0142atno\u015bci:<ul class=\"wp-block-list\"><li>P\u0142atno\u015b\u0107 kart\u0105 przy odbiorze,<\/li>\n\n<li>P\u0142atno\u015b\u0107 got\u00f3wk\u0105 przy odbiorze.<\/li><\/ul><\/li>\n\n<li>Szczeg\u00f3\u0142owe informacje na temat metod dostawy oraz akceptowalnych metod p\u0142atno\u015bci znajduj\u0105 si\u0119 za stronach Serwisu.<\/li><\/ol><p class=\"has-text-align-center\"><strong>\u00a7 8 Wykonanie umowy sprzeda\u017cy<\/strong><\/p><ol class=\"wp-block-list\"><li>Zawarcie Umowy Sprzeda\u017cy mi\u0119dzy Klientem a Sprzedawc\u0105 nast\u0119puje po uprzednim z\u0142o\u017ceniu przez Klienta Zam\u00f3wienia za pomoc\u0105 Formularza zam\u00f3wienia w Serwisie zgodnie z \u00a7 6 Regulaminu.<\/li>\n\n<li>Po z\u0142o\u017ceniu Zam\u00f3wienia Sprzedawca niezw\u0142ocznie potwierdza jego otrzymanie oraz jednocze\u015bnie przyjmuje Zam\u00f3wienie do realizacji. Potwierdzenie otrzymania Zam\u00f3wienia i jego przyj\u0119cie do realizacji nast\u0119puje poprzez przes\u0142anie przez Sprzedawc\u0119 Klientowi stosownej wiadomo\u015bci e-mail na podany w trakcie sk\u0142adania Zam\u00f3wienia adres poczty elektronicznej Klienta, kt\u00f3ra zawiera co najmniej o\u015bwiadczenia Sprzedawcy o otrzymaniu Zam\u00f3wienia i o jego przyj\u0119ciu do realizacji. Z chwil\u0105 otrzymania przez Klienta powy\u017cszej wiadomo\u015bci e-mail zostaje zawarta Umowa Sprzeda\u017cy mi\u0119dzy Klientem a Sprzedawc\u0105. <\/li>\n\n<li>Klient obowi\u0105zany jest do dokonania p\u0142atno\u015bci za Zam\u00f3wienie najp\u00f3\u017aniej w momencie jego odbioru.<\/li>\n\n<li>Dostawa Produktu odbywa si\u0119 wy\u0142\u0105cznie na terenie Polski, w konkretnych miejscowo\u015bciach wskazanych w zak\u0142adce &#8222;Dostawa&#8221; oraz dost\u0119pnych w Formularzu zam\u00f3wienia.<\/li>\n\n<li>Dostawa Produktu do Klienta jest odp\u0142atna, chyba \u017ce Umowa Sprzeda\u017cy stanowi inaczej. Koszty dostawy Produktu s\u0105 wskazywane Klientowi na stronach Serwisu w zak\u0142adce \u201eDostawa\u201d oraz w trakcie sk\u0142adania Zam\u00f3wienia, w tym tak\u017ce w chwili wyra\u017cenia przez Klienta woli zwi\u0105zania si\u0119 Umow\u0105 Sprzeda\u017cy.<\/li><\/ol><p class=\"has-text-align-center\"><strong>\u00a7 9 Reklamacje<\/strong><\/p><ol class=\"wp-block-list\"><li>Reklamacje dotycz\u0105ce Zam\u00f3wienia, Produkt\u00f3w, Dostawy nale\u017cy kierowa\u0107 do obs\u0142ugi na adres e-mailowy lub poprzez kontakt telefoniczny. Dane kontaktowe znajduj\u0105 si\u0119 na stronie Serwisu.<\/li>\n\n<li>Reklamacja powinna zawiera\u0107 dane identyfikuj\u0105ce Klienta, telefon, adres e-mail, dat\u0119 z\u0142o\u017cenia zam\u00f3wienia, dat\u0119 realizacji zam\u00f3wienia, wskazany adres realizacji zam\u00f3wienia, login Klienta oraz szczeg\u00f3\u0142owy opis sk\u0142adanych zastrze\u017ce\u0144 wraz z opcjonaln\u0105 dokumentacj\u0105 zdj\u0119ciowa.<\/li>\n\n<li>Sprzedawca rozpozna reklamacje w terminie 14 dni od daty jej otrzymania w prawid\u0142owej postaci. Sprzedawca mo\u017ce odm\u00f3wi\u0107 rozpatrzenia reklamacji z\u0142o\u017conych po up\u0142ywie 30 dni od ujawnienia si\u0119 przyczyn reklamacji.<\/li>\n\n<li>Odpowied\u017a na reklamacj\u0119 z\u0142o\u017con\u0105 Sprzedawcy wysy\u0142ana jest wy\u0142\u0105cznie na adres pocztowy lub adres poczty elektronicznej wskazany w samej reklamacji.<\/li><\/ol><p class=\"has-text-align-center\"><strong>\u00a7 10 Postanowienia ko\u0144cowe<\/strong><\/p><ol class=\"wp-block-list\"><li>Umowy zawierane poprzez Serwis zawierane s\u0105 w j\u0119zyku polskim.<\/li>\n\n<li>Sprzedawca zastrzega sobie prawo do dokonywania zmian Regulaminu z wa\u017cnych przyczyn to jest: zmiany przepis\u00f3w prawa, zmiany sposob\u00f3w p\u0142atno\u015bci i dostaw &#8211; w zakresie, w jakim te zmiany wp\u0142ywaj\u0105 na realizacj\u0119 postanowie\u0144 niniejszego Regulaminu. Aktualny Regulamin dost\u0119pny jest na wskazanej stronie Serwisu.<\/li>\n\n<li>W sprawach nieuregulowanych w niniejszym Regulaminie maj\u0105 zastosowanie powszechnie obowi\u0105zuj\u0105ce przepisy prawa polskiego, w szczeg\u00f3lno\u015bci: Kodeksu cywilnego; ustawy o \u015bwiadczeniu us\u0142ug drog\u0105 elektroniczn\u0105; ustawy o prawach konsumenta, ustawy o ochronie danych osobowych.<\/li><\/ol>","protected":false},"excerpt":{"rendered":"<p>Regulamin strony Kabaniero.pl oraz aplikacji mobilnej Kabaniero \u00a7 1 Postanowienia wst\u0119pne \u00a7 2 Definicje \u00a7 3 Wymaganie techniczne \u00a7 4 Informacje og\u00f3lne \u00a7 5 Zak\u0142adanie Konta w Serwisie \u00a7 6 Zasady sk\u0142adania Zam\u00f3wienia \u00a7 7 Oferowane metody dostawy oraz p\u0142atno\u015bci \u00a7 8 Wykonanie umowy sprzeda\u017cy \u00a7 9 Reklamacje \u00a7 10 Postanowienia ko\u0144cowe<\/p>\n","protected":false},"author":1,"featured_media":0,"parent":0,"menu_order":0,"comment_status":"closed","ping_status":"open","template":"","meta":{"footnotes":""},"class_list":["post-2","page","type-page","status-publish","hentry"],"jetpack_sharing_enabled":true,"_links":{"self":[{"href":"https:\/\/kabaniero.pl\/index.php?rest_route=\/wp\/v2\/pages\/2","targetHints":{"allow":["GET"]}}],"collection":[{"href":"https:\/\/kabaniero.pl\/index.php?rest_route=\/wp\/v2\/pages"}],"about":[{"href":"https:\/\/kabaniero.pl\/index.php?rest_route=\/wp\/v2\/types\/page"}],"author":[{"embeddable":true,"href":"https:\/\/kabaniero.pl\/index.php?rest_route=\/wp\/v2\/users\/1"}],"replies":[{"embeddable":true,"href":"https:\/\/kabaniero.pl\/index.php?rest_route=%2Fwp%2Fv2%2Fcomments&post=2"}],"version-history":[{"count":7,"href":"https:\/\/kabaniero.pl\/index.php?rest_route=\/wp\/v2\/pages\/2\/revisions"}],"predecessor-version":[{"id":3997,"href":"https:\/\/kabaniero.pl\/index.php?rest_route=\/wp\/v2\/pages\/2\/revisions\/3997"}],"wp:attachment":[{"href":"https:\/\/kabaniero.pl\/index.php?rest_route=%2Fwp%2Fv2%2Fmedia&parent=2"}],"curies":[{"name":"wp","href":"https:\/\/api.w.org\/{rel}","templated":true}]}}